{"id":2505,"date":"2018-10-29T12:03:43","date_gmt":"2018-10-29T11:03:43","guid":{"rendered":"https:\/\/ruregold.com\/azienda\/"},"modified":"2023-01-10T16:26:35","modified_gmt":"2023-01-10T15:26:35","slug":"empresa","status":"publish","type":"page","link":"https:\/\/ruregoldcom.metest.it\/es\/empresa\/","title":{"rendered":"Empresa"},"content":{"rendered":"[vc_row fullwidth=\u00bbtrue\u00bb fullwidth_content=\u00bbfalse\u00bb css=\u00bb.vc_custom_1559127989612{padding-top: 50px !important;background-position: 0 0 !important;background-repeat: no-repeat !important;}\u00bb el_class=\u00bbdesktop\u00bb][vc_column][vc_column_text css=\u00bb.vc_custom_1585749340611{margin-bottom: 0px !important;}\u00bb]\n<h2><strong>Ruregold<\/strong><\/h2>\n[\/vc_column_text][vc_column_text css=\u00bb.vc_custom_1585749788873{margin-bottom: 0px !important;}\u00bb]Gracias a la reciente adquisici\u00f3n, <strong>Ruregold<\/strong> es ahora la cuarta empresa del <strong>Grupo Laterlite<\/strong>, con la misma <strong>Laterlite<\/strong>, <strong>Lecasitemi<\/strong> y el 40% de su asociada <strong>Gras Calce<\/strong>.<br \/>\nLa nueva realidad Ruregold concentra sus energ\u00edas en la evoluci\u00f3n de nuevos sistemas para reforzar estructuras de hormig\u00f3n y mamposter\u00eda con <strong>excelentes materiales compuestos<\/strong>, <strong>en particular la gama FRCM<\/strong>, que fue la primera en el mundo en obtener una <strong>certificaci\u00f3n de validaci\u00f3n a nivel internacional<\/strong>, juntos a la gama de revocos reforzados, microhormigones, refuerzos estructurales y despegaduras.<br \/>\nEl <strong>Grupo Laterlite<\/strong> reafirma su voluntad de ampliar y fortalecer su oferta de soluciones t\u00e9cnicas al servicio de la construcci\u00f3n, confirmando su misma vocaci\u00f3n como interlocutor y actor integral en proyectos de construcci\u00f3n y renovaci\u00f3n sostenibles.<\/p>\n<p><a href=\"https:\/\/www.leca.it\" target=\"_blank\" rel=\"noopener noreferrer\"><img decoding=\"async\" loading=\"lazy\" class=\"alignnone wp-image-1493 size-medium\" src=\"https:\/\/ruregoldcom.metest.it\/wp-content\/uploads\/2019\/05\/partnership_ruregold2019.jpg\" alt=\"\" width=\"300\" height=\"194\" \/><\/a>[\/vc_column_text][vc_column_text css=\u00bb.vc_custom_1673364394093{margin-bottom: 0px !important;}\u00bb]\n<h3 style=\"text-align: left; font-weight: 200;\">CERTIFICATI\u00d3NES<\/h3>\n[\/vc_column_text][vc_row_inner][vc_column_inner width=\u00bb1\/2&#8243;][vc_single_image image=\u00bb9871&#8243; img_size=\u00bbmedium\u00bb alignment=\u00bbcenter\u00bb onclick=\u00bblink_image\u00bb][\/vc_column_inner][vc_column_inner width=\u00bb1\/2&#8243;][vc_single_image image=\u00bb9875&#8243; img_size=\u00bbmedium\u00bb alignment=\u00bbcenter\u00bb onclick=\u00bblink_image\u00bb][\/vc_column_inner][\/vc_row_inner][\/vc_column][\/vc_row][vc_row fullwidth=\u00bbtrue\u00bb fullwidth_content=\u00bbfalse\u00bb css=\u00bb.vc_custom_1540821971991{padding-top: 50px !important;background-position: 0 0 !important;background-repeat: no-repeat !important;}\u00bb el_class=\u00bblegtop\u00bb][vc_column width=\u00bb1\/4&#8243;][\/vc_column][vc_column width=\u00bb3\/4&#8243;][vc_column_text css=\u00bb.vc_custom_1585749928239{margin-bottom: 0px !important;}\u00bb]\n<h2><strong>Ruregold<\/strong><\/h2>\n[\/vc_column_text][vc_column_text css=\u00bb.vc_custom_1590333855266{margin-bottom: 0px !important;}\u00bb]<strong>Ruregold, empresa italiana, tiene m\u00e1s de 20 a\u00f1os de experiencia en los sistemas cementosos de refuerzo estructural y es parte del Grupo Laterlite S.p.A.<\/strong><\/p>\n<p><strong>En 2001 Ruregold ha introducido una innovaci\u00f3n mundial en el campo de los refuerzos estructurales y ha patentado varios nuevos sistemas FRCM (matriz cementosa reforzada con fibra)<\/strong> con <strong>fibras sint\u00e9ticas PBO y carbon <\/strong>que ofrecen<strong> una alta resistencia a la tracci\u00f3n <\/strong>y un<strong> alto m\u00f3dulo el\u00e1stico como alternativa a las resinas epoxy de los sistemas FRP tradicionales.<\/strong><\/p>\n<p>Estos sistemas ofrecen<strong> ventajas como resistencia al fuego en clase A, aplicabilidad en condici\u00f3nes de humedad y agua, transpirabilidad <\/strong>y<strong> facilidad de colocaci\u00f3n <\/strong>(no se necesitan aplicadores especiales).<\/p>\n<p><strong>\u00a0<\/strong>Las fibras<strong> PBO <\/strong>(poli-parafenileno benzobisoxasol) consisten en<strong> fibras de alto rendimiento <\/strong>y se utilizan en varios campos como carreras de F\u00f3rmula 1 y yates de carreras. Comparadas con las fibras de carbono utilizadas en los sistemas de refuerzo estructural FRP, <strong>las fibras PBO tienen una resistencia a la tracci\u00f3n superior al 20% y un m\u00f3dulo el\u00e1stico mayor al 15%.<\/strong><\/p>\n<p>Las pruebas para la certificaci\u00f3n de los sistemas se han realizadas en el laboratorio autorizado de la<strong> Universidad de Miami<\/strong> y la certificaci\u00f3nes han sido expedidas por<strong> US ICC-ES<\/strong>.<\/p>\n<p>Desde 2001 <strong>millones de metro quadrados han sido aplicados en el mundo, incluidos puentes, torres de refrigeraci\u00f3n, embajadas y escuelas.<\/strong><\/p>\n<p><a href=\"https:\/\/www.leca.it\" target=\"_blank\" rel=\"noopener noreferrer\"><img decoding=\"async\" loading=\"lazy\" class=\"alignnone size-medium wp-image-1493\" src=\"https:\/\/ruregoldcom.metest.it\/wp-content\/uploads\/2019\/05\/partnership_ruregold2019.jpg\" alt=\"\" width=\"300\" height=\"194\" \/><\/a>[\/vc_column_text][vc_column_text css=\u00bb.vc_custom_1585749951840{margin-bottom: 0px !important;}\u00bb]\n<h3 style=\"text-align: left; font-weight: 200;\">CERTIFICATI\u00d3NES<\/h3>\n[\/vc_column_text][vc_row_inner][vc_column_inner width=\u00bb1\/2&#8243;][vc_single_image image=\u00bb9871&#8243; img_size=\u00bbmedium\u00bb alignment=\u00bbcenter\u00bb onclick=\u00bblink_image\u00bb][\/vc_column_inner][vc_column_inner width=\u00bb1\/2&#8243;][vc_single_image image=\u00bb9875&#8243; img_size=\u00bbmedium\u00bb alignment=\u00bbcenter\u00bb onclick=\u00bblink_image\u00bb][\/vc_column_inner][\/vc_row_inner][\/vc_column][\/vc_row][vc_row fullwidth=\u00bbtrue\u00bb fullwidth_content=\u00bbfalse\u00bb css=\u00bb.vc_custom_1540821985575{padding-top: 50px !important;background-position: 0 0 !important;background-repeat: no-repeat !important;}\u00bb el_class=\u00bbtablet\u00bb][vc_column width=\u00bb1\/2&#8243;][\/vc_column][vc_column width=\u00bb1\/2&#8243;][vc_column_text css=\u00bb.vc_custom_1585750010731{margin-bottom: 0px !important;}\u00bb]\n<h2>Ruregold<\/h2>\n[\/vc_column_text][vc_column_text css=\u00bb.vc_custom_1590611360966{margin-bottom: 0px !important;}\u00bb]<strong>Ruregold, empresa italiana, tiene m\u00e1s de 20 a\u00f1os de experiencia en los sistemas cementosos de refuerzo estructural y es parte del Grupo Laterlite S.p.A.<\/strong><\/p>\n<p><strong>En 2001 Ruregold ha introducido una innovaci\u00f3n mundial en el campo de los refuerzos estructurales y ha patentado varios nuevos sistemas FRCM (matriz cementosa reforzada con fibra)<\/strong> con <strong>fibras sint\u00e9ticas PBO y carbon <\/strong>que ofrecen<strong> una alta resistencia a la tracci\u00f3n <\/strong>y un<strong> alto m\u00f3dulo el\u00e1stico como alternativa a las resinas epoxy de los sistemas FRP tradicionales.<\/strong><\/p>\n<p>Estos sistemas ofrecen<strong> ventajas como resistencia al fuego en clase A, aplicabilidad en condici\u00f3nes de humedad y agua, transpirabilidad <\/strong>y<strong> facilidad de colocaci\u00f3n <\/strong>(no se necesitan aplicadores especiales).<\/p>\n<p>Las fibras<strong> PBO <\/strong>(poli-parafenileno benzobisoxasol) consisten en<strong> fibras de alto rendimiento <\/strong>y se utilizan en varios campos como carreras de F\u00f3rmula 1 y yates de carreras. Comparadas con las fibras de carbono utilizadas en los sistemas de refuerzo estructural FRP, <strong>las fibras PBO tienen una resistencia a la tracci\u00f3n superior al 20% y un m\u00f3dulo el\u00e1stico mayor al 15%.<\/strong><\/p>\n<p>Las pruebas para la certificaci\u00f3n de los sistemas se han realizadas en el laboratorio autorizado de la<strong> Universidad de Miami<\/strong> y la certificaci\u00f3nes han sido expedidas por<strong> US ICC-ES<\/strong>.<\/p>\n<p>Desde 2001 <strong>millones de metro quadrados han sido aplicados en el mundo, incluidos puentes, torres de refrigeraci\u00f3n, embajadas y escuelas.<\/strong><\/p>\n<p><a href=\"https:\/\/www.leca.it\" target=\"_blank\" rel=\"noopener noreferrer\"><img decoding=\"async\" loading=\"lazy\" class=\"alignnone wp-image-1493 size-medium\" src=\"https:\/\/ruregoldcom.metest.it\/wp-content\/uploads\/2019\/05\/partnership_ruregold2019.jpg\" alt=\"\" width=\"300\" height=\"194\" \/><\/a>[\/vc_column_text][vc_column_text css=\u00bb.vc_custom_1585750028938{margin-bottom: 0px !important;}\u00bb]\n<h3 style=\"text-align: left; font-weight: 200;\">CERTIFICATI\u00d3NES<\/h3>\n[\/vc_column_text][vc_row_inner][vc_column_inner width=\u00bb1\/2&#8243;][vc_single_image image=\u00bb9871&#8243; img_size=\u00bbmedium\u00bb alignment=\u00bbcenter\u00bb onclick=\u00bblink_image\u00bb][\/vc_column_inner][vc_column_inner width=\u00bb1\/2&#8243;][vc_single_image image=\u00bb9875&#8243; img_size=\u00bbmedium\u00bb alignment=\u00bbcenter\u00bb onclick=\u00bblink_image\u00bb][\/vc_column_inner][\/vc_row_inner][\/vc_column][\/vc_row]\n","protected":false},"excerpt":{"rendered":"<p>[vc_row fullwidth=\u00bbtrue\u00bb fullwidth_content=\u00bbfalse\u00bb css=\u00bb.vc_custom_1559127989612{padding-top: 50px !important;background-position: 0 0 !important;background-repeat: no-repeat !important;}\u00bb el_class=\u00bbdesktop\u00bb][vc_column][vc_column_text css=\u00bb.vc_custom_1585749340611{margin-bottom: 0px !important;}\u00bb] Ruregold [\/vc_column_text][vc_column_text css=\u00bb.vc_custom_1585749788873{margin-bottom: 0px !important;}\u00bb]Gracias a la reciente adquisici\u00f3n, Ruregold es ahora la cuarta empresa del Grupo Laterlite, con la misma Laterlite, Lecasitemi y el 40% de su asociada Gras Calce. La nueva realidad Ruregold concentra sus energ\u00edas en la [&hellip;]<\/p>\n","protected":false},"author":3,"featured_media":0,"parent":0,"menu_order":0,"comment_status":"closed","ping_status":"closed","template":"","meta":[],"yoast_head":"<!-- This site is optimized with the Yoast SEO plugin v17.5 - https:\/\/yoast.com\/wordpress\/plugins\/seo\/ -->\n<title>Empresa: Qui\u00e9nes somos | Ruregold<\/title>\n<meta name=\"robots\" content=\"index, follow, max-snippet:-1, max-image-preview:large, max-video-preview:-1\" \/>\n<link rel=\"canonical\" href=\"https:\/\/ruregoldcom.metest.it\/es\/empresa\/\" \/>\n<meta property=\"og:locale\" content=\"es_ES\" \/>\n<meta property=\"og:type\" content=\"article\" \/>\n<meta property=\"og:title\" content=\"Empresa: Qui\u00e9nes somos | Ruregold\" \/>\n<meta property=\"og:description\" content=\"[vc_row fullwidth=\u00bbtrue\u00bb fullwidth_content=\u00bbfalse\u00bb css=\u00bb.vc_custom_1559127989612{padding-top: 50px !important;background-position: 0 0 !important;background-repeat: no-repeat !important;}\u00bb el_class=\u00bbdesktop\u00bb][vc_column][vc_column_text css=\u00bb.vc_custom_1585749340611{margin-bottom: 0px !important;}\u00bb] Ruregold [\/vc_column_text][vc_column_text css=\u00bb.vc_custom_1585749788873{margin-bottom: 0px !important;}\u00bb]Gracias a la reciente adquisici\u00f3n, Ruregold es ahora la cuarta empresa del Grupo Laterlite, con la misma Laterlite, Lecasitemi y el 40% de su asociada Gras Calce. La nueva realidad Ruregold concentra sus energ\u00edas en la [&hellip;]\" \/>\n<meta property=\"og:url\" content=\"https:\/\/ruregoldcom.metest.it\/es\/empresa\/\" \/>\n<meta property=\"og:site_name\" content=\"Ruregold - Tecnologia e Sicurezza in edilizia\" \/>\n<meta property=\"article:modified_time\" content=\"2023-01-10T15:26:35+00:00\" \/>\n<meta property=\"og:image\" content=\"https:\/\/ruregoldcom.metest.it\/wp-content\/uploads\/2019\/05\/partnership_ruregold2019.jpg\" \/>\n<meta name=\"twitter:card\" content=\"summary_large_image\" \/>\n<meta name=\"twitter:label1\" content=\"Tiempo de lectura\" \/>\n\t<meta name=\"twitter:data1\" content=\"4 minutos\" \/>\n<script type=\"application\/ld+json\" class=\"yoast-schema-graph\">{\"@context\":\"https:\/\/schema.org\",\"@graph\":[{\"@type\":\"WebSite\",\"@id\":\"https:\/\/ruregoldcom.metest.it\/es\/#website\",\"url\":\"https:\/\/ruregoldcom.metest.it\/es\/\",\"name\":\"Ruregold - Tecnologia e Sicurezza in edilizia\",\"description\":\"sistemi per il rinforzo delle strutture in calcestruzzo e muratura con materiali compositi d\\u2019eccellenza, in particolare la gamma FRCM che, per prima al mondo, ha ottenuto la certificazione di validazione a livello internazionale, in particolare la gamma FRCM che, per prima al mondo, ha ottenuto la certificazione di validazione a livello internazionale.\",\"potentialAction\":[{\"@type\":\"SearchAction\",\"target\":{\"@type\":\"EntryPoint\",\"urlTemplate\":\"https:\/\/ruregoldcom.metest.it\/es\/?s={search_term_string}\"},\"query-input\":\"required name=search_term_string\"}],\"inLanguage\":\"es\"},{\"@type\":\"ImageObject\",\"@id\":\"https:\/\/ruregoldcom.metest.it\/es\/empresa\/#primaryimage\",\"inLanguage\":\"es\",\"url\":\"https:\/\/ruregoldcom.metest.it\/wp-content\/uploads\/2019\/05\/partnership_ruregold2019.jpg\",\"contentUrl\":\"https:\/\/ruregoldcom.metest.it\/wp-content\/uploads\/2019\/05\/partnership_ruregold2019.jpg\",\"width\":600,\"height\":387},{\"@type\":\"WebPage\",\"@id\":\"https:\/\/ruregoldcom.metest.it\/es\/empresa\/#webpage\",\"url\":\"https:\/\/ruregoldcom.metest.it\/es\/empresa\/\",\"name\":\"Empresa: Qui\\u00e9nes somos | Ruregold\",\"isPartOf\":{\"@id\":\"https:\/\/ruregoldcom.metest.it\/es\/#website\"},\"primaryImageOfPage\":{\"@id\":\"https:\/\/ruregoldcom.metest.it\/es\/empresa\/#primaryimage\"},\"datePublished\":\"2018-10-29T11:03:43+00:00\",\"dateModified\":\"2023-01-10T15:26:35+00:00\",\"breadcrumb\":{\"@id\":\"https:\/\/ruregoldcom.metest.it\/es\/empresa\/#breadcrumb\"},\"inLanguage\":\"es\",\"potentialAction\":[{\"@type\":\"ReadAction\",\"target\":[\"https:\/\/ruregoldcom.metest.it\/es\/empresa\/\"]}]},{\"@type\":\"BreadcrumbList\",\"@id\":\"https:\/\/ruregoldcom.metest.it\/es\/empresa\/#breadcrumb\",\"itemListElement\":[{\"@type\":\"ListItem\",\"position\":1,\"name\":\"Home\",\"item\":\"https:\/\/ruregoldcom.metest.it\/es\/\"},{\"@type\":\"ListItem\",\"position\":2,\"name\":\"Empresa\"}]}]}<\/script>\n<!-- \/ Yoast SEO plugin. -->","yoast_head_json":{"title":"Empresa: Qui\u00e9nes somos | Ruregold","robots":{"index":"index","follow":"follow","max-snippet":"max-snippet:-1","max-image-preview":"max-image-preview:large","max-video-preview":"max-video-preview:-1"},"canonical":"https:\/\/ruregoldcom.metest.it\/es\/empresa\/","og_locale":"es_ES","og_type":"article","og_title":"Empresa: Qui\u00e9nes somos | Ruregold","og_description":"[vc_row fullwidth=\u00bbtrue\u00bb fullwidth_content=\u00bbfalse\u00bb css=\u00bb.vc_custom_1559127989612{padding-top: 50px !important;background-position: 0 0 !important;background-repeat: no-repeat !important;}\u00bb el_class=\u00bbdesktop\u00bb][vc_column][vc_column_text css=\u00bb.vc_custom_1585749340611{margin-bottom: 0px !important;}\u00bb] Ruregold [\/vc_column_text][vc_column_text css=\u00bb.vc_custom_1585749788873{margin-bottom: 0px !important;}\u00bb]Gracias a la reciente adquisici\u00f3n, Ruregold es ahora la cuarta empresa del Grupo Laterlite, con la misma Laterlite, Lecasitemi y el 40% de su asociada Gras Calce. La nueva realidad Ruregold concentra sus energ\u00edas en la [&hellip;]","og_url":"https:\/\/ruregoldcom.metest.it\/es\/empresa\/","og_site_name":"Ruregold - Tecnologia e Sicurezza in edilizia","article_modified_time":"2023-01-10T15:26:35+00:00","og_image":[{"url":"https:\/\/ruregoldcom.metest.it\/wp-content\/uploads\/2019\/05\/partnership_ruregold2019.jpg"}],"twitter_card":"summary_large_image","twitter_misc":{"Tiempo de lectura":"4 minutos"},"schema":{"@context":"https:\/\/schema.org","@graph":[{"@type":"WebSite","@id":"https:\/\/ruregoldcom.metest.it\/es\/#website","url":"https:\/\/ruregoldcom.metest.it\/es\/","name":"Ruregold - Tecnologia e Sicurezza in edilizia","description":"sistemi per il rinforzo delle strutture in calcestruzzo e muratura con materiali compositi d\u2019eccellenza, in particolare la gamma FRCM che, per prima al mondo, ha ottenuto la certificazione di validazione a livello internazionale, in particolare la gamma FRCM che, per prima al mondo, ha ottenuto la certificazione di validazione a livello internazionale.","potentialAction":[{"@type":"SearchAction","target":{"@type":"EntryPoint","urlTemplate":"https:\/\/ruregoldcom.metest.it\/es\/?s={search_term_string}"},"query-input":"required name=search_term_string"}],"inLanguage":"es"},{"@type":"ImageObject","@id":"https:\/\/ruregoldcom.metest.it\/es\/empresa\/#primaryimage","inLanguage":"es","url":"https:\/\/ruregoldcom.metest.it\/wp-content\/uploads\/2019\/05\/partnership_ruregold2019.jpg","contentUrl":"https:\/\/ruregoldcom.metest.it\/wp-content\/uploads\/2019\/05\/partnership_ruregold2019.jpg","width":600,"height":387},{"@type":"WebPage","@id":"https:\/\/ruregoldcom.metest.it\/es\/empresa\/#webpage","url":"https:\/\/ruregoldcom.metest.it\/es\/empresa\/","name":"Empresa: Qui\u00e9nes somos | Ruregold","isPartOf":{"@id":"https:\/\/ruregoldcom.metest.it\/es\/#website"},"primaryImageOfPage":{"@id":"https:\/\/ruregoldcom.metest.it\/es\/empresa\/#primaryimage"},"datePublished":"2018-10-29T11:03:43+00:00","dateModified":"2023-01-10T15:26:35+00:00","breadcrumb":{"@id":"https:\/\/ruregoldcom.metest.it\/es\/empresa\/#breadcrumb"},"inLanguage":"es","potentialAction":[{"@type":"ReadAction","target":["https:\/\/ruregoldcom.metest.it\/es\/empresa\/"]}]},{"@type":"BreadcrumbList","@id":"https:\/\/ruregoldcom.metest.it\/es\/empresa\/#breadcrumb","itemListElement":[{"@type":"ListItem","position":1,"name":"Home","item":"https:\/\/ruregoldcom.metest.it\/es\/"},{"@type":"ListItem","position":2,"name":"Empresa"}]}]}},"_links":{"self":[{"href":"https:\/\/ruregoldcom.metest.it\/es\/wp-json\/wp\/v2\/pages\/2505"}],"collection":[{"href":"https:\/\/ruregoldcom.metest.it\/es\/wp-json\/wp\/v2\/pages"}],"about":[{"href":"https:\/\/ruregoldcom.metest.it\/es\/wp-json\/wp\/v2\/types\/page"}],"author":[{"embeddable":true,"href":"https:\/\/ruregoldcom.metest.it\/es\/wp-json\/wp\/v2\/users\/3"}],"replies":[{"embeddable":true,"href":"https:\/\/ruregoldcom.metest.it\/es\/wp-json\/wp\/v2\/comments?post=2505"}],"version-history":[{"count":14,"href":"https:\/\/ruregoldcom.metest.it\/es\/wp-json\/wp\/v2\/pages\/2505\/revisions"}],"predecessor-version":[{"id":11924,"href":"https:\/\/ruregoldcom.metest.it\/es\/wp-json\/wp\/v2\/pages\/2505\/revisions\/11924"}],"wp:attachment":[{"href":"https:\/\/ruregoldcom.metest.it\/es\/wp-json\/wp\/v2\/media?parent=2505"}],"curies":[{"name":"wp","href":"https:\/\/api.w.org\/{rel}","templated":true}]}}