{"id":2501,"date":"2018-10-29T11:31:06","date_gmt":"2018-10-29T10:31:06","guid":{"rendered":"https:\/\/ruregold.com\/home\/"},"modified":"2020-10-30T10:22:23","modified_gmt":"2020-10-30T09:22:23","slug":"home","status":"publish","type":"page","link":"https:\/\/ruregoldcom.metest.it\/es\/","title":{"rendered":"Home"},"content":{"rendered":"[vc_row fullwidth=\u00bbtrue\u00bb][vc_column][vc_column_text css=\u00bb.vc_custom_1586422225986{margin-bottom: 0px !important;}\u00bb]<div class=\"as-styles-warning\" style=\"width: 450px; background-color: #FFF; color: #F00; border: 1px solid #F00; padding: 10px; font-size: 14px;\">\n\t\t\t<span style=\"font-weight: bold;\">Warning: The stylesheets were not loaded!<\/span> \n\t\t\tYou will need to change the <i>Load stylesheets<\/i> setting from <i>Automatically<\/i> to <i>On homepage<\/i> or <i>On all pages<\/i>. \n\t\t\tYou can set that <a style=\"text-decoration: underline; color: #F00;\" href=\"https:\/\/ruregoldcom.metest.it\/wp-admin\/admin.php?page=accordion-slider-settings\">here<\/a>.\n\t\t\t<\/div>\r\n<div id=\"accordion-slider-2\" class=\"accordion-slider as-no-js\" style=\"width: 100%px; height: 600px;\">\r\n\t<div class=\"as-panels\">\r\n\t\t\r\n\t\t<div class=\"as-panel\">\r\n\t\t\t<img class=\"as-background\" src=\"https:\/\/ruregold.com\/wp-content\/uploads\/2018\/12\/rinforzi-strutturali-3.jpg\" width=\"900\" height=\"600\" \/>\r\n\t\t\t\r\n\t\t\t<p class=\"as-layer as-closed as-white as-padding ruota\" data-horizontal=\"-60\" data-position=\"bottomLeft\" data-vertical=\"91\">REFUERZOS ESTRUCTURALES<\/p>\r\n\t\t\t<p class=\"as-layer as-opened as-black as-padding scritta1\" data-horizontal=\"20\" data-vertical=\"60\" data-show-transition=\"right\" data-show-delay=\"40\" data-hide-transition=\"left\">Durante la vida \u00fatil del edificio puede ocurrir que la capacidad de carga de la estructura ya no sea adecuada\npara llevar a cabo las funciones est\u00e1ticas y din\u00e1micas previstas por el proyecto o causadas por variaciones del\nuso inicialmente previsto.<\/p>\r\n\t\t\t<p class=\"as-layer as-opened as-black as-padding scritta2\" data-horizontal=\"20\" data-vertical=\"166\" data-show-transition=\"left\" data-show-delay=\"50\" data-hide-transition=\"right\" data-hide-delay=\"20\">Si el exceso de carga est\u00e1tica genera problemas en los elementos estructurales individuales directamente relacionados, un exceso de las cargas din\u00e1micas, como en el caso de se\u00edsmo, tambi\u00e9n pone una tensi\u00f3n en las conexiones entre ellos, como las juntas viga-pilar en estructuras de hormig\u00f3n reforzado y las conexiones entre muros verticales, secciones horizontales planas y b\u00f3vedas en estructuras de mamposter\u00eda.<\/p>\r\n\t\t\t<p class=\"as-layer as-opened as-white as-padding button3\" data-horizontal=\"23\" data-vertical=\"366\" data-show-transition=\"up\" data-show-delay=\"60\" data-hide-transition=\"down\" data-hide-delay=\"30\"><a href=\"https:\/\/ruregold.com\/es\/refuerzos-estructurales\/\">M\u00c1S INFORMAT\u00cdON<\/a><\/p>\r\n\t\t\t<p class=\"as-layer as-opened as-white as-padding\" data-horizontal=\"21\" data-vertical=\"9\">REFUERZOS ESTRUCTURALES<\/p>\r\n\t\t<\/div>\r\n\t\t<div class=\"as-panel\">\r\n\t\t\t<img class=\"as-background\" src=\"https:\/\/ruregold.com\/wp-content\/uploads\/2018\/12\/rinforzi-diffusi-3.jpg\" width=\"900\" height=\"600\" \/>\r\n\t\t\t\r\n\t\t\t<p class=\"as-layer as-closed as-white as-padding ruota\" data-horizontal=\"-39\" data-position=\"bottomLeft\" data-vertical=\"75\">REVOCOS REFORZADOS<\/p>\r\n\t\t\t<p class=\"as-layer as-opened as-white as-padding\" data-horizontal=\"23\" data-vertical=\"10\">REVOCOS REFORZADOS<\/p>\r\n\t\t\t<p class=\"as-layer as-opened as-white as-padding button3\" data-horizontal=\"21\" data-vertical=\"334\" data-show-transition=\"up\" data-show-delay=\"60\" data-hide-transition=\"down\" data-hide-delay=\"30\"><a href=\"https:\/\/ruregold.com\/es\/revocos-reforzados\/\">M\u00c1S INFORMAT\u00cdON<\/a><\/p>\r\n\t\t\t<p class=\"as-layer as-opened as-black as-padding scritta1\" data-horizontal=\"20\" data-vertical=\"60\" data-show-transition=\"right\" data-show-delay=\"40\" data-hide-transition=\"left\">Para crear un revoco reforzado positionado sobre uno o ambos los lados de la pared divisoria, es posible utilizar mallas de diferentes tipos, trama y pesos.\nEn la gama Ruregold est\u00e1n disponibles mallas de vidrio y acero.\n\n<\/p>\r\n\t\t<\/div>\r\n\t\t<div class=\"as-panel\">\r\n\t\t\t<img class=\"as-background\" src=\"https:\/\/ruregold.com\/wp-content\/uploads\/2018\/12\/microcalcestruzzi-2.jpg\" width=\"900\" height=\"600\" \/>\r\n\t\t\t\r\n\t\t\t<p class=\"as-layer as-opened as-white as-padding\" data-horizontal=\"20\" data-vertical=\"10\">MICROHORMIGONES<\/p>\r\n\t\t\t<p class=\"as-layer as-opened as-black as-padding scritta1\" data-horizontal=\"20\" data-vertical=\"60\" data-show-transition=\"right\" data-show-delay=\"40\" data-hide-transition=\"left\">Los microhormigones reforzados con fibra son materiales compuestos (dos fases) caracterizados por una\nmatriz de cemento y por un elevado contenido de fibras discontinuas.<br>\nLa matriz puede consistir en un mortero y un hormig\u00f3n, mientras que las fibras pueden estar hechas de acero,\npol\u00edmero o carbono.<br>\nLas ventajas de su uso dependen sobre todo de su resistencia a la deformaci\u00f3n pl\u00e1stica en la fase post- agrietamiento, en la cual incrementan su resistencia a tracci\u00f3n (endurecimiento por deformaci\u00f3n - tensile strain hardening behavior) lo que permite obtener altas resistencias a la tracci\u00f3n, repartidas en todo el volumen del microhormigon, que permiten reducciones sustanciales en las armaduras l refuerzo con contribuciones limitadas de peso (en comparaci\u00f3n con los revestimientos tradicionales que no tienen hormig\u00f3n de alta ductilidad).<\/p>\r\n\t\t\t<p class=\"as-layer as-closed as-white as-padding ruota\" data-horizontal=\"-54\" data-position=\"bottomLeft\" data-vertical=\"90\">MICROHORMIGONES<\/p>\r\n\t\t\t<p class=\"as-layer as-opened as-white as-padding button3\" data-horizontal=\"34\" data-vertical=\"389\" data-show-transition=\"up\" data-show-delay=\"60\" data-hide-transition=\"down\" data-hide-delay=\"30\"><a href=\"https:\/\/ruregold.com\/es\/microhormigones\/\">M\u00c1S INFORMAT\u00cdON<\/a><\/p>\r\n\t\t<\/div>\r\n\t<\/div>\r\n<\/div>[\/vc_column_text][\/vc_column][\/vc_row][vc_row css=\u00bb.vc_custom_1539685261897{padding-top: 40px !important;}\u00bb][vc_column][vc_column_text css=\u00bb.vc_custom_1585733128822{margin-bottom: 0px !important;}\u00bb]\n<h2 style=\"text-align: center;\">News y Eventos<\/h2>\n[\/vc_column_text][mk_blog_showcase excerpt_length=\u00bb70&#8243;][\/vc_column][\/vc_row][vc_row fullwidth=\u00bbtrue\u00bb fullwidth_content=\u00bbfalse\u00bb css=\u00bb.vc_custom_1539682226840{padding-top: 35px !important;padding-bottom: 35px !important;background-color: #f9f9f9 !important;}\u00bb][vc_column][vc_column_text css=\u00bb.vc_custom_1585732544534{margin-bottom: 0px !important;}\u00bb]\n<h1 style=\"text-align: center;\">Ruregold: innovaci\u00f3n y seguridad en su c\u00f3digo gen\u00e9tico<\/h1>\n[\/vc_column_text][vc_row_inner css=\u00bb.vc_custom_1539682212175{padding-top: 30px !important;padding-bottom: 30px !important;}\u00bb][vc_column_inner el_class=\u00bbpadding-20-mobile-right\u00bb width=\u00bb1\/2&#8243;][vc_column_text css=\u00bb.vc_custom_1585732673186{margin-bottom: 0px !important;}\u00bb]\n<p style=\"text-align: justify;\">Ruregold en su ADN, tiene un profundo conocimiento del mercado de la reconstrucci\u00f3n de edificios y un importante know-how <strong>de soluciones para el refuerzo estructural<\/strong>.<br \/>\nRuregold concentra sus energ\u00edas en la evoluci\u00f3n de nuevos sistemas para reforzar estructuras de hormig\u00f3n y mamposter\u00eda con <strong>excelentes materiales compuestos, en particular la gama FRCM<\/strong>, que fue la primera en el mundo en obtener una certificaci\u00f3n <strong>de validaci\u00f3n a nivel internacional<\/strong>.<\/p>\n[\/vc_column_text][\/vc_column_inner][vc_column_inner el_class=\u00bbpadding-20-mobile-left\u00bb width=\u00bb1\/2&#8243;][vc_column_text css=\u00bb.vc_custom_1585732893670{margin-bottom: 0px !important;}\u00bb]\n<p style=\"text-align: justify;\">Esto se traduce en poder ofrecer un soporte preciso a los prescriptores que deseen confiar en las tecnolog\u00edas innovadoras de Ruregold, que ya han demostrado, con referencias comprobadas, su validez antis\u00edsmica y una<strong> mayor<\/strong><br \/>\n<strong>seguridad<\/strong> en los refuerzos estructurales.<br \/>\nLos productos <strong>Ruregold<\/strong> contan con una grande experiencia gracias a su know-how.<\/p>\n[\/vc_column_text][\/vc_column_inner][\/vc_row_inner][\/vc_column][\/vc_row]\n","protected":false},"excerpt":{"rendered":"<p>[vc_row fullwidth=\u00bbtrue\u00bb][vc_column][vc_column_text css=\u00bb.vc_custom_1586422225986{margin-bottom: 0px !important;}\u00bb][\/vc_column_text][\/vc_column][\/vc_row][vc_row css=\u00bb.vc_custom_1539685261897{padding-top: 40px !important;}\u00bb][vc_column][vc_column_text css=\u00bb.vc_custom_1585733128822{margin-bottom: 0px !important;}\u00bb] News y Eventos [\/vc_column_text][mk_blog_showcase excerpt_length=\u00bb70&#8243;][\/vc_column][\/vc_row][vc_row fullwidth=\u00bbtrue\u00bb fullwidth_content=\u00bbfalse\u00bb css=\u00bb.vc_custom_1539682226840{padding-top: 35px !important;padding-bottom: 35px !important;background-color: #f9f9f9 !important;}\u00bb][vc_column][vc_column_text css=\u00bb.vc_custom_1585732544534{margin-bottom: 0px !important;}\u00bb] Ruregold: innovaci\u00f3n y seguridad en su c\u00f3digo gen\u00e9tico [\/vc_column_text][vc_row_inner css=\u00bb.vc_custom_1539682212175{padding-top: 30px !important;padding-bottom: 30px !important;}\u00bb][vc_column_inner el_class=\u00bbpadding-20-mobile-right\u00bb width=\u00bb1\/2&#8243;][vc_column_text css=\u00bb.vc_custom_1585732673186{margin-bottom: 0px !important;}\u00bb] Ruregold en su ADN, tiene un profundo conocimiento [&hellip;]<\/p>\n","protected":false},"author":3,"featured_media":0,"parent":0,"menu_order":0,"comment_status":"closed","ping_status":"closed","template":"","meta":[],"yoast_head":"<!-- This site is optimized with the Yoast SEO plugin v17.5 - https:\/\/yoast.com\/wordpress\/plugins\/seo\/ -->\n<title>Ruregold | Refuerzo y reparaci\u00f3n con materiales compuestos<\/title>\n<meta name=\"robots\" content=\"index, follow, max-snippet:-1, max-image-preview:large, max-video-preview:-1\" \/>\n<link rel=\"canonical\" href=\"https:\/\/ruregoldcom.metest.it\/es\/\" \/>\n<meta property=\"og:locale\" content=\"es_ES\" \/>\n<meta property=\"og:type\" content=\"article\" \/>\n<meta property=\"og:title\" content=\"Ruregold | Refuerzo y reparaci\u00f3n con materiales compuestos\" \/>\n<meta property=\"og:description\" content=\"[vc_row fullwidth=\u00bbtrue\u00bb][vc_column][vc_column_text css=\u00bb.vc_custom_1586422225986{margin-bottom: 0px !important;}\u00bb][\/vc_column_text][\/vc_column][\/vc_row][vc_row css=\u00bb.vc_custom_1539685261897{padding-top: 40px !important;}\u00bb][vc_column][vc_column_text css=\u00bb.vc_custom_1585733128822{margin-bottom: 0px !important;}\u00bb] News y Eventos [\/vc_column_text][mk_blog_showcase excerpt_length=\u00bb70&#8243;][\/vc_column][\/vc_row][vc_row fullwidth=\u00bbtrue\u00bb fullwidth_content=\u00bbfalse\u00bb css=\u00bb.vc_custom_1539682226840{padding-top: 35px !important;padding-bottom: 35px !important;background-color: #f9f9f9 !important;}\u00bb][vc_column][vc_column_text css=\u00bb.vc_custom_1585732544534{margin-bottom: 0px !important;}\u00bb] Ruregold: innovaci\u00f3n y seguridad en su c\u00f3digo gen\u00e9tico [\/vc_column_text][vc_row_inner css=\u00bb.vc_custom_1539682212175{padding-top: 30px !important;padding-bottom: 30px !important;}\u00bb][vc_column_inner el_class=\u00bbpadding-20-mobile-right\u00bb width=\u00bb1\/2&#8243;][vc_column_text css=\u00bb.vc_custom_1585732673186{margin-bottom: 0px !important;}\u00bb] Ruregold en su ADN, tiene un profundo conocimiento [&hellip;]\" \/>\n<meta property=\"og:url\" content=\"https:\/\/ruregoldcom.metest.it\/es\/\" \/>\n<meta property=\"og:site_name\" content=\"Ruregold - Tecnologia e Sicurezza in edilizia\" \/>\n<meta property=\"article:modified_time\" content=\"2020-10-30T09:22:23+00:00\" \/>\n<meta name=\"twitter:card\" content=\"summary_large_image\" \/>\n<meta name=\"twitter:label1\" content=\"Tiempo de lectura\" \/>\n\t<meta name=\"twitter:data1\" content=\"1 minuto\" \/>\n<script type=\"application\/ld+json\" class=\"yoast-schema-graph\">{\"@context\":\"https:\/\/schema.org\",\"@graph\":[{\"@type\":\"WebSite\",\"@id\":\"https:\/\/ruregoldcom.metest.it\/es\/#website\",\"url\":\"https:\/\/ruregoldcom.metest.it\/es\/\",\"name\":\"Ruregold - Tecnologia e Sicurezza in edilizia\",\"description\":\"sistemi per il rinforzo delle strutture in calcestruzzo e muratura con materiali compositi d\\u2019eccellenza, in particolare la gamma FRCM che, per prima al mondo, ha ottenuto la certificazione di validazione a livello internazionale, in particolare la gamma FRCM che, per prima al mondo, ha ottenuto la certificazione di validazione a livello internazionale.\",\"potentialAction\":[{\"@type\":\"SearchAction\",\"target\":{\"@type\":\"EntryPoint\",\"urlTemplate\":\"https:\/\/ruregoldcom.metest.it\/es\/?s={search_term_string}\"},\"query-input\":\"required name=search_term_string\"}],\"inLanguage\":\"es\"},{\"@type\":\"WebPage\",\"@id\":\"https:\/\/ruregoldcom.metest.it\/es\/#webpage\",\"url\":\"https:\/\/ruregoldcom.metest.it\/es\/\",\"name\":\"Ruregold | Refuerzo y reparaci\\u00f3n con materiales compuestos\",\"isPartOf\":{\"@id\":\"https:\/\/ruregoldcom.metest.it\/es\/#website\"},\"datePublished\":\"2018-10-29T10:31:06+00:00\",\"dateModified\":\"2020-10-30T09:22:23+00:00\",\"breadcrumb\":{\"@id\":\"https:\/\/ruregoldcom.metest.it\/es\/#breadcrumb\"},\"inLanguage\":\"es\",\"potentialAction\":[{\"@type\":\"ReadAction\",\"target\":[\"https:\/\/ruregoldcom.metest.it\/es\/\"]}]},{\"@type\":\"BreadcrumbList\",\"@id\":\"https:\/\/ruregoldcom.metest.it\/es\/#breadcrumb\",\"itemListElement\":[{\"@type\":\"ListItem\",\"position\":1,\"name\":\"Home\",\"item\":\"https:\/\/ruregoldcom.metest.it\/es\/\"},{\"@type\":\"ListItem\",\"position\":2,\"name\":\"Home\"}]}]}<\/script>\n<!-- \/ Yoast SEO plugin. -->","yoast_head_json":{"title":"Ruregold | Refuerzo y reparaci\u00f3n con materiales compuestos","robots":{"index":"index","follow":"follow","max-snippet":"max-snippet:-1","max-image-preview":"max-image-preview:large","max-video-preview":"max-video-preview:-1"},"canonical":"https:\/\/ruregoldcom.metest.it\/es\/","og_locale":"es_ES","og_type":"article","og_title":"Ruregold | Refuerzo y reparaci\u00f3n con materiales compuestos","og_description":"[vc_row fullwidth=\u00bbtrue\u00bb][vc_column][vc_column_text css=\u00bb.vc_custom_1586422225986{margin-bottom: 0px !important;}\u00bb][\/vc_column_text][\/vc_column][\/vc_row][vc_row css=\u00bb.vc_custom_1539685261897{padding-top: 40px !important;}\u00bb][vc_column][vc_column_text css=\u00bb.vc_custom_1585733128822{margin-bottom: 0px !important;}\u00bb] News y Eventos [\/vc_column_text][mk_blog_showcase excerpt_length=\u00bb70&#8243;][\/vc_column][\/vc_row][vc_row fullwidth=\u00bbtrue\u00bb fullwidth_content=\u00bbfalse\u00bb css=\u00bb.vc_custom_1539682226840{padding-top: 35px !important;padding-bottom: 35px !important;background-color: #f9f9f9 !important;}\u00bb][vc_column][vc_column_text css=\u00bb.vc_custom_1585732544534{margin-bottom: 0px !important;}\u00bb] Ruregold: innovaci\u00f3n y seguridad en su c\u00f3digo gen\u00e9tico [\/vc_column_text][vc_row_inner css=\u00bb.vc_custom_1539682212175{padding-top: 30px !important;padding-bottom: 30px !important;}\u00bb][vc_column_inner el_class=\u00bbpadding-20-mobile-right\u00bb width=\u00bb1\/2&#8243;][vc_column_text css=\u00bb.vc_custom_1585732673186{margin-bottom: 0px !important;}\u00bb] Ruregold en su ADN, tiene un profundo conocimiento [&hellip;]","og_url":"https:\/\/ruregoldcom.metest.it\/es\/","og_site_name":"Ruregold - Tecnologia e Sicurezza in edilizia","article_modified_time":"2020-10-30T09:22:23+00:00","twitter_card":"summary_large_image","twitter_misc":{"Tiempo de lectura":"1 minuto"},"schema":{"@context":"https:\/\/schema.org","@graph":[{"@type":"WebSite","@id":"https:\/\/ruregoldcom.metest.it\/es\/#website","url":"https:\/\/ruregoldcom.metest.it\/es\/","name":"Ruregold - Tecnologia e Sicurezza in edilizia","description":"sistemi per il rinforzo delle strutture in calcestruzzo e muratura con materiali compositi d\u2019eccellenza, in particolare la gamma FRCM che, per prima al mondo, ha ottenuto la certificazione di validazione a livello internazionale, in particolare la gamma FRCM che, per prima al mondo, ha ottenuto la certificazione di validazione a livello internazionale.","potentialAction":[{"@type":"SearchAction","target":{"@type":"EntryPoint","urlTemplate":"https:\/\/ruregoldcom.metest.it\/es\/?s={search_term_string}"},"query-input":"required name=search_term_string"}],"inLanguage":"es"},{"@type":"WebPage","@id":"https:\/\/ruregoldcom.metest.it\/es\/#webpage","url":"https:\/\/ruregoldcom.metest.it\/es\/","name":"Ruregold | Refuerzo y reparaci\u00f3n con materiales compuestos","isPartOf":{"@id":"https:\/\/ruregoldcom.metest.it\/es\/#website"},"datePublished":"2018-10-29T10:31:06+00:00","dateModified":"2020-10-30T09:22:23+00:00","breadcrumb":{"@id":"https:\/\/ruregoldcom.metest.it\/es\/#breadcrumb"},"inLanguage":"es","potentialAction":[{"@type":"ReadAction","target":["https:\/\/ruregoldcom.metest.it\/es\/"]}]},{"@type":"BreadcrumbList","@id":"https:\/\/ruregoldcom.metest.it\/es\/#breadcrumb","itemListElement":[{"@type":"ListItem","position":1,"name":"Home","item":"https:\/\/ruregoldcom.metest.it\/es\/"},{"@type":"ListItem","position":2,"name":"Home"}]}]}},"_links":{"self":[{"href":"https:\/\/ruregoldcom.metest.it\/es\/wp-json\/wp\/v2\/pages\/2501"}],"collection":[{"href":"https:\/\/ruregoldcom.metest.it\/es\/wp-json\/wp\/v2\/pages"}],"about":[{"href":"https:\/\/ruregoldcom.metest.it\/es\/wp-json\/wp\/v2\/types\/page"}],"author":[{"embeddable":true,"href":"https:\/\/ruregoldcom.metest.it\/es\/wp-json\/wp\/v2\/users\/3"}],"replies":[{"embeddable":true,"href":"https:\/\/ruregoldcom.metest.it\/es\/wp-json\/wp\/v2\/comments?post=2501"}],"version-history":[{"count":4,"href":"https:\/\/ruregoldcom.metest.it\/es\/wp-json\/wp\/v2\/pages\/2501\/revisions"}],"predecessor-version":[{"id":3887,"href":"https:\/\/ruregoldcom.metest.it\/es\/wp-json\/wp\/v2\/pages\/2501\/revisions\/3887"}],"wp:attachment":[{"href":"https:\/\/ruregoldcom.metest.it\/es\/wp-json\/wp\/v2\/media?parent=2501"}],"curies":[{"name":"wp","href":"https:\/\/api.w.org\/{rel}","templated":true}]}}