{"id":2498,"date":"2018-10-29T10:44:13","date_gmt":"2018-10-29T09:44:13","guid":{"rendered":"https:\/\/ruregold.com\/?page_id=2498"},"modified":"2020-10-02T16:42:07","modified_gmt":"2020-10-02T14:42:07","slug":"privacy-policy","status":"publish","type":"page","link":"https:\/\/ruregoldcom.metest.it\/es\/privacy-policy\/","title":{"rendered":"Privacy Policy"},"content":{"rendered":"<h1 style=\"text-align: center;\"><b>La privacy policy di questo sito<\/b><\/h1>\n<p style=\"text-align: center;\"><em>Informativa sul trattamento dei dati personali (art. 13 GDPR 2016\/679)<\/em><\/p>\n<h2><strong>Perch\u00e8 questo avviso<\/strong><\/h2>\n<p>In questa pagina si descrivono le modalit\u00e0 di gestione del sito in riferimento al trattamento dei dati personali degli utenti che lo consultano.<\/p>\n<p>Si tratta di un\u2019informativa che \u00e8 resa ai sensi di art. 13 del Regolamento UE 2016\/679\u00a0 a coloro che interagiscono con i servizi web accessibili per via telematica a partire dall\u2019indirizzo:<\/p>\n<p style=\"text-align: center;\"><strong><a href=\"https:\/\/ruregoldcom.metest.it\/it\/\">www.ruregold.it<\/a><\/strong><\/p>\n<p>L\u2019informativa \u00e8 resa solo per il sito di RUREGOLD S.R.L. e non anche per altri siti web eventualmente consultati dall\u2019utente tramite link in esso presenti.<\/p>\n<h2><strong>Titolare del trattamento<\/strong><\/h2>\n<p>A seguito della consultazione di questo sito possono essere trattati dati relativi a persone identificate o identificabili.<\/p>\n<p>Il Titolare del loro trattamento \u00e8 RUREGOLD S.R.L., via Vittorio Veneto 30, 43046 Rubbiano di Solignano (PR).<\/p>\n<h2><strong>Responsabile della protezione dei dati<\/strong><\/h2>\n<p>La figura di Responsabile della protezione dei dati (DPO) non \u00e8 stata individuata in quanto la scrivente non \u00e8 tenuta alla figura ai sensi di art. 37 Regolamento Europeo GDPR 2016\/679.<\/p>\n<h2><strong>Finalit\u00e0 del trattamento dei dati <\/strong><\/h2>\n<p>I trattamenti connessi ai servizi web di questo sono curati solo da personale tecnico, oppure da eventuali incaricati di occasionali operazioni di manutenzione.<\/p>\n<p>I dati personali forniti dagli utenti che inoltrano richieste di adesione ai servizi offerti sono utilizzati al solo fine di eseguire il servizio o la prestazione richiesta e sono comunicati a terzi nel solo caso in cui ci\u00f2 sia a tal fine necessario.<\/p>\n<h2><strong>Modalit\u00e0 del trattamento<\/strong><\/h2>\n<p>I dati personali sono trattati con strumenti automatizzati per il tempo strettamente necessario a conseguire gli scopi per cui sono stati raccolti.<\/p>\n<p>Specifiche misure di sicurezza sono osservate per prevenire la perdita dei dati, usi illeciti o non corretti ed accessi non autorizzati.<\/p>\n<h2><strong>Conferimento e facoltativit\u00e0 del conferimento dei dati<\/strong><\/h2>\n<p>A parte quanto specificato per i dati di navigazione, l\u2019utente \u00e8 libero di fornire i dati personali riportati nei moduli informatici (<em>form<\/em>) di richiesta al Titolare del trattamento per accedere ai servizi offerti.<\/p>\n<p>Il loro mancato conferimento pu\u00f2 comportare l\u2019impossibilit\u00e0 di ottenere quanto richiesto.<\/p>\n<h2><strong>Comunicazione dei dati <\/strong><\/h2>\n<p>I dati personali relativi al trattamento in questione non risulteranno comunicati in alcun modo a terzi.<\/p>\n<h2><strong>Diffusione dei dati<\/strong><\/h2>\n<p>I dati personali trattati, in alcun modo, verranno portati a conoscenza di soggetti indeterminati.<\/p>\n<h2><strong>Trasferimento all\u2019estero<\/strong><\/h2>\n<p>I dati personali trattati non risulteranno trasferiti all\u2019estero.<\/p>\n<h2><strong>Tipi di dati trattati<\/strong><\/h2>\n<h3><strong>Dati di navigazione<\/strong><\/h3>\n<p>I sistemi informatici e le procedure software preposte al funzionamento di questo sito web acquisiscono, nel corso del loro normale esercizio, alcuni dati personali la cui trasmissione \u00e8 implicita nell\u2019uso dei protocolli di comunicazione di Internet. Si tratta di informazioni che non sono raccolte per essere associate a interessati identificati, ma che per loro stessa natura potrebbero, attraverso elaborazioni ed associazioni con dati detenuti da terzi, permettere di identificare gli utenti. In questa categoria di dati rientrano gli indirizzi IP o i nomi a dominio dei computer utilizzati dagli utenti che si connettono al sito, gli indirizzi in notazione URI (Uniform Resource Identifier) delle risorse richieste, l\u2019orario della richiesta, il metodo utilizzato nel sottoporre la richiesta al server, la dimensione del file ottenuto in risposta, il codice numerico indicante lo stato della risposta data dal server (buon fine, errore, ecc.) ed altri parametri relativi al sistema operativo e all\u2019ambiente informatico dell\u2019utente. Questi dati vengono utilizzati al solo fine di ricavare informazioni statistiche anonime sull\u2019uso del sito e per controllarne il corretto funzionamento e vengono cancellati immediatamente dopo l\u2019elaborazione. I dati potrebbero essere utilizzati per l\u2019accertamento di responsabilit\u00e0 in caso di ipotetici reati informatici ai danni del sito.<\/p>\n<h3><strong>Dati forniti volontariamente dall\u2019utente<\/strong><\/h3>\n<p>L\u2019invio facoltativo, esplicito e volontario di posta elettronica o altri dati attraverso i <em>form<\/em> presenti su questo sito, o attraverso gli eventuali indirizzi indicati su questo sito, comporta la successiva acquisizione dell\u2019indirizzo del mittente necessario per rispondere alle richieste, nonch\u00e9 degli eventuali altri dati personali inseriti nella missiva.<\/p>\n<p>Specifiche informative di sintesi verranno progressivamente riportate o visualizzate nelle pagine del sito predisposte per particolari servizi a richiesta.<\/p>\n<h3><strong>Cookie<\/strong><\/h3>\n<p>La descrizione della tipologia di cookie utilizzati, loro gestione di utilizzo e finalit\u00e0, \u00e8 rimandata alla pagina <a href=\"\/?page_id=7861\">COOKIE POLICY.<\/a><\/p>\n<h2><strong>Periodo di conservazione dei dati<\/strong><\/h2>\n<p>I dati personali sono trattati con strumenti automatizzati per il tempo strettamente necessario a conseguire gli scopi per cui sono stati raccolti.<\/p>\n<h2><strong>Diritti dell\u2019interessato (GDPR Artt. 15-22)<\/strong><\/h2>\n<p>In ogni momento, l\u2019interessato potr\u00e0 esercitare il diritto di:<\/p>\n<ul>\n<li>chiedere la conferma dell\u2019esistenza o meno di propri dati personali.<\/li>\n<li>ottenere le indicazioni circa le finalit\u00e0 del trattamento, le categorie dei dati personali, i destinatari o le categorie di destinatari a cui i dati personali sono stati o saranno comunicati e, quando possibile, il periodo di conservazione.<\/li>\n<li>ottenere la rettifica e la cancellazione dei dati.<\/li>\n<li>ottenere la limitazione del trattamento.<\/li>\n<li>ottenere la portabilit\u00e0 dei dati, ossia riceverli da un titolare del trattamento, in un formato strutturato, di uso comune e leggibile da dispositivo automatico, e trasmetterli ad un altro titolare del trattamento senza impedimenti.<\/li>\n<li>opporsi al trattamento in qualsiasi momento ed anche nel caso di trattamento per finalit\u00e0 di marketing diretto.<\/li>\n<li>opporsi ad un processo decisionale automatizzato relativo alle persone fisiche, compresa la profilazione.<\/li>\n<li>proporre un reclamo all\u2019Autorit\u00e0 Garante per la protezione dei dati Italiana.<\/li>\n<\/ul>\n<p>Le richieste vanno rivolte al Titolare del trattamento scrivendo a RUREGOLD S.R.L., via Vittorio Veneto 30, 43046 Rubbiano di Solignano (PR), <a href=\"mailto:info@ruregold.it\">info@ruregold.it<\/a><\/p>\n<p>Ogni sforzo verr\u00e0 fatto per rendere il pi\u00f9 possibile interoperabili le funzionalit\u00e0 di questo sito con i meccanismi di controllo automatico della privacy disponibili in alcuni prodotti utilizzati dagli utenti.<\/p>\n<p>Considerando che lo stato di perfezionamento dei meccanismi automatici di controllo non li rende attualmente esenti da errori e disfunzioni, si precisa che il presente documento, pubblicato all\u2019indirizzo<\/p>\n<p><a href=\"https:\/\/ruregoldcom.metest.it\/it\/privacy-policy\/\">https:\/\/ruregoldcom.metest.it\/it\/privacy-policy\/<\/a><\/p>\n<p>costituisce la \u201cPrivacy Policy\u201d di questo sito che sar\u00e0 soggetta ad aggiornamenti.<\/p>\n<p><em>San Felice di Segrate, Milano, 01\/10\/2020<\/em><\/p>\n<h3><\/h3>\n","protected":false},"excerpt":{"rendered":"<p>La privacy policy di questo sito Informativa sul trattamento dei dati personali (art. 13 GDPR 2016\/679) Perch\u00e8 questo avviso In questa pagina si descrivono le modalit\u00e0 di gestione del sito in riferimento al trattamento dei dati personali degli utenti che lo consultano. Si tratta di un\u2019informativa che \u00e8 resa ai sensi di art. 13 del [&hellip;]<\/p>\n","protected":false},"author":3,"featured_media":0,"parent":0,"menu_order":0,"comment_status":"closed","ping_status":"open","template":"","meta":[],"yoast_head":"<!-- This site is optimized with the Yoast SEO plugin v17.5 - https:\/\/yoast.com\/wordpress\/plugins\/seo\/ -->\n<title>Privacy Policy * Ruregold - Tecnologia e Sicurezza in edilizia<\/title>\n<meta name=\"robots\" content=\"index, follow, max-snippet:-1, max-image-preview:large, max-video-preview:-1\" \/>\n<link rel=\"canonical\" href=\"https:\/\/ruregoldcom.metest.it\/es\/privacy-policy\/\" \/>\n<meta property=\"og:locale\" content=\"es_ES\" \/>\n<meta property=\"og:type\" content=\"article\" \/>\n<meta property=\"og:title\" content=\"Privacy Policy * Ruregold - Tecnologia e Sicurezza in edilizia\" \/>\n<meta property=\"og:description\" content=\"La privacy policy di questo sito Informativa sul trattamento dei dati personali (art. 13 GDPR 2016\/679) Perch\u00e8 questo avviso In questa pagina si descrivono le modalit\u00e0 di gestione del sito in riferimento al trattamento dei dati personali degli utenti che lo consultano. Si tratta di un\u2019informativa che \u00e8 resa ai sensi di art. 13 del [&hellip;]\" \/>\n<meta property=\"og:url\" content=\"https:\/\/ruregoldcom.metest.it\/es\/privacy-policy\/\" \/>\n<meta property=\"og:site_name\" content=\"Ruregold - Tecnologia e Sicurezza in edilizia\" \/>\n<meta property=\"article:modified_time\" content=\"2020-10-02T14:42:07+00:00\" \/>\n<meta name=\"twitter:card\" content=\"summary_large_image\" \/>\n<meta name=\"twitter:label1\" content=\"Tiempo de lectura\" \/>\n\t<meta name=\"twitter:data1\" content=\"5 minutos\" \/>\n<script type=\"application\/ld+json\" class=\"yoast-schema-graph\">{\"@context\":\"https:\/\/schema.org\",\"@graph\":[{\"@type\":\"WebSite\",\"@id\":\"https:\/\/ruregoldcom.metest.it\/es\/#website\",\"url\":\"https:\/\/ruregoldcom.metest.it\/es\/\",\"name\":\"Ruregold - Tecnologia e Sicurezza in edilizia\",\"description\":\"sistemi per il rinforzo delle strutture in calcestruzzo e muratura con materiali compositi d\\u2019eccellenza, in particolare la gamma FRCM che, per prima al mondo, ha ottenuto la certificazione di validazione a livello internazionale, in particolare la gamma FRCM che, per prima al mondo, ha ottenuto la certificazione di validazione a livello internazionale.\",\"potentialAction\":[{\"@type\":\"SearchAction\",\"target\":{\"@type\":\"EntryPoint\",\"urlTemplate\":\"https:\/\/ruregoldcom.metest.it\/es\/?s={search_term_string}\"},\"query-input\":\"required name=search_term_string\"}],\"inLanguage\":\"es\"},{\"@type\":\"WebPage\",\"@id\":\"https:\/\/ruregoldcom.metest.it\/es\/privacy-policy\/#webpage\",\"url\":\"https:\/\/ruregoldcom.metest.it\/es\/privacy-policy\/\",\"name\":\"Privacy Policy * Ruregold - Tecnologia e Sicurezza in edilizia\",\"isPartOf\":{\"@id\":\"https:\/\/ruregoldcom.metest.it\/es\/#website\"},\"datePublished\":\"2018-10-29T09:44:13+00:00\",\"dateModified\":\"2020-10-02T14:42:07+00:00\",\"breadcrumb\":{\"@id\":\"https:\/\/ruregoldcom.metest.it\/es\/privacy-policy\/#breadcrumb\"},\"inLanguage\":\"es\",\"potentialAction\":[{\"@type\":\"ReadAction\",\"target\":[\"https:\/\/ruregoldcom.metest.it\/es\/privacy-policy\/\"]}]},{\"@type\":\"BreadcrumbList\",\"@id\":\"https:\/\/ruregoldcom.metest.it\/es\/privacy-policy\/#breadcrumb\",\"itemListElement\":[{\"@type\":\"ListItem\",\"position\":1,\"name\":\"Home\",\"item\":\"https:\/\/ruregoldcom.metest.it\/es\/\"},{\"@type\":\"ListItem\",\"position\":2,\"name\":\"Privacy Policy\"}]}]}<\/script>\n<!-- \/ Yoast SEO plugin. -->","yoast_head_json":{"title":"Privacy Policy * Ruregold - Tecnologia e Sicurezza in edilizia","robots":{"index":"index","follow":"follow","max-snippet":"max-snippet:-1","max-image-preview":"max-image-preview:large","max-video-preview":"max-video-preview:-1"},"canonical":"https:\/\/ruregoldcom.metest.it\/es\/privacy-policy\/","og_locale":"es_ES","og_type":"article","og_title":"Privacy Policy * Ruregold - Tecnologia e Sicurezza in edilizia","og_description":"La privacy policy di questo sito Informativa sul trattamento dei dati personali (art. 13 GDPR 2016\/679) Perch\u00e8 questo avviso In questa pagina si descrivono le modalit\u00e0 di gestione del sito in riferimento al trattamento dei dati personali degli utenti che lo consultano. Si tratta di un\u2019informativa che \u00e8 resa ai sensi di art. 13 del [&hellip;]","og_url":"https:\/\/ruregoldcom.metest.it\/es\/privacy-policy\/","og_site_name":"Ruregold - Tecnologia e Sicurezza in edilizia","article_modified_time":"2020-10-02T14:42:07+00:00","twitter_card":"summary_large_image","twitter_misc":{"Tiempo de lectura":"5 minutos"},"schema":{"@context":"https:\/\/schema.org","@graph":[{"@type":"WebSite","@id":"https:\/\/ruregoldcom.metest.it\/es\/#website","url":"https:\/\/ruregoldcom.metest.it\/es\/","name":"Ruregold - Tecnologia e Sicurezza in edilizia","description":"sistemi per il rinforzo delle strutture in calcestruzzo e muratura con materiali compositi d\u2019eccellenza, in particolare la gamma FRCM che, per prima al mondo, ha ottenuto la certificazione di validazione a livello internazionale, in particolare la gamma FRCM che, per prima al mondo, ha ottenuto la certificazione di validazione a livello internazionale.","potentialAction":[{"@type":"SearchAction","target":{"@type":"EntryPoint","urlTemplate":"https:\/\/ruregoldcom.metest.it\/es\/?s={search_term_string}"},"query-input":"required name=search_term_string"}],"inLanguage":"es"},{"@type":"WebPage","@id":"https:\/\/ruregoldcom.metest.it\/es\/privacy-policy\/#webpage","url":"https:\/\/ruregoldcom.metest.it\/es\/privacy-policy\/","name":"Privacy Policy * Ruregold - Tecnologia e Sicurezza in edilizia","isPartOf":{"@id":"https:\/\/ruregoldcom.metest.it\/es\/#website"},"datePublished":"2018-10-29T09:44:13+00:00","dateModified":"2020-10-02T14:42:07+00:00","breadcrumb":{"@id":"https:\/\/ruregoldcom.metest.it\/es\/privacy-policy\/#breadcrumb"},"inLanguage":"es","potentialAction":[{"@type":"ReadAction","target":["https:\/\/ruregoldcom.metest.it\/es\/privacy-policy\/"]}]},{"@type":"BreadcrumbList","@id":"https:\/\/ruregoldcom.metest.it\/es\/privacy-policy\/#breadcrumb","itemListElement":[{"@type":"ListItem","position":1,"name":"Home","item":"https:\/\/ruregoldcom.metest.it\/es\/"},{"@type":"ListItem","position":2,"name":"Privacy Policy"}]}]}},"_links":{"self":[{"href":"https:\/\/ruregoldcom.metest.it\/es\/wp-json\/wp\/v2\/pages\/2498"}],"collection":[{"href":"https:\/\/ruregoldcom.metest.it\/es\/wp-json\/wp\/v2\/pages"}],"about":[{"href":"https:\/\/ruregoldcom.metest.it\/es\/wp-json\/wp\/v2\/types\/page"}],"author":[{"embeddable":true,"href":"https:\/\/ruregoldcom.metest.it\/es\/wp-json\/wp\/v2\/users\/3"}],"replies":[{"embeddable":true,"href":"https:\/\/ruregoldcom.metest.it\/es\/wp-json\/wp\/v2\/comments?post=2498"}],"version-history":[{"count":7,"href":"https:\/\/ruregoldcom.metest.it\/es\/wp-json\/wp\/v2\/pages\/2498\/revisions"}],"predecessor-version":[{"id":7917,"href":"https:\/\/ruregoldcom.metest.it\/es\/wp-json\/wp\/v2\/pages\/2498\/revisions\/7917"}],"wp:attachment":[{"href":"https:\/\/ruregoldcom.metest.it\/es\/wp-json\/wp\/v2\/media?parent=2498"}],"curies":[{"name":"wp","href":"https:\/\/api.w.org\/{rel}","templated":true}]}}