{"id":2312,"date":"2018-12-11T16:24:44","date_gmt":"2018-12-11T15:24:44","guid":{"rendered":"https:\/\/ruregold.com\/rinforzi-diffusi\/"},"modified":"2020-12-09T23:31:00","modified_gmt":"2020-12-09T22:31:00","slug":"revocos-reforzados","status":"publish","type":"page","link":"https:\/\/ruregoldcom.metest.it\/es\/revocos-reforzados\/","title":{"rendered":"Revocos reforzados"},"content":{"rendered":"[vc_row fullwidth=\u00bbtrue\u00bb fullwidth_content=\u00bbfalse\u00bb css=\u00bb.vc_custom_1544702008775{padding-top: 30px !important;padding-bottom: 30px !important;background-color: #a98f62 !important;}\u00bb][vc_column][vc_column_text css=\u00bb.vc_custom_1585922422363{margin-bottom: 0px !important;}\u00bb]\n<h1 style=\"text-align: center; line-height: 0.6; color: white;\">Revocos reforzados con malla<\/h1>\n<h6 style=\"text-align: center; color: white;\">Revocos reforzados compuestos por mallas de acero o vidrio y morteros espec\u00edficos para restaurar y consolidar estructuras de hormig\u00f3n y mamposter\u00eda.<\/h6>\n[\/vc_column_text][\/vc_column][\/vc_row][vc_row fullwidth=\u00bbtrue\u00bb fullwidth_content=\u00bbfalse\u00bb css=\u00bb.vc_custom_1550050258143{padding-top: 50px !important;}\u00bb][vc_column css=\u00bb.vc_custom_1544708534708{padding-bottom: 20px !important;}\u00bb][vc_column_text css=\u00bb.vc_custom_1589054752903{margin-bottom: 0px !important;}\u00bb]\n<h2 class=\"p1\" style=\"text-align: center;\">Elaboraci\u00f3n de un revoco reforzado<\/h2>\n[\/vc_column_text][\/vc_column][vc_column width=\u00bb1\/2&#8243; el_class=\u00bbpadding-20-mobile-right\u00bb][vc_column_text css=\u00bb.vc_custom_1585923736376{margin-bottom: 0px !important;}\u00bb]En caso de aplicaci\u00f3n de revocos de refuerzo en mamposter\u00edas, respecto de la acci\u00f3n de cargas verticales, es determinante en cambio, el espesor y las caracter\u00edsticas mec\u00e1nicas del mortero cementoso empleado.<br \/>\nCon vistas a crear un revoco reforzado colocado a uno o ambos lados del cerramiento o partici\u00f3n de mamposter\u00eda, es posible utilizar mallas de diferentes tipos, trama y pesos.<strong> En la gama Ruregold est\u00e1n disponibles mallas de vidrio y acero<\/strong>.<br \/>\nA sugerencia del dise\u00f1ador, se pueden insertar <strong>sistemas de conexi\u00f3n unilateral o pasadores<\/strong> para garantizar la adhesi\u00f3n de la consolidaci\u00f3n al soporte original. Ruregold tiene conectores tipo \u00abflecos\u00bb o semirr\u00edgidos.<br \/>\nPara refuerzos estructurales, especialmente con respecto a la acci\u00f3n horizontal (se\u00edsmo), las <strong>tecnolog\u00edas FRCM<\/strong> &#8211; Fabric Reinforced Cementitious Matrix, Matriz de Cemento Reforzado con Tejido- basadas en fibra de carbono o fibra PBO son mucho m\u00e1s convenientes.<br \/>\nComo alternativa a la estratigraf\u00eda que normalmente se realiza en obra, se pueden hacer revocos reforzados sin una malla de refuerzo utilizando un mortero de tipo <strong>MX-PVA Reforzada con fibras<\/strong> reforzado con fibras de alcohol polivin\u00edlico que crean un refuerzo tridimensional dentro del revoco. Se ahorra as\u00ed el uso e instalaci\u00f3n de cualquier malla y los conectores respectivos.[\/vc_column_text][\/vc_column][vc_column width=\u00bb1\/2&#8243;][vc_single_image image=\u00bb351&#8243; img_size=\u00bbfull\u00bb alignment=\u00bbcenter\u00bb][vc_single_image image=\u00bb352&#8243; img_size=\u00bbfull\u00bb alignment=\u00bbcenter\u00bb][\/vc_column][\/vc_row][vc_row fullwidth=\u00bbtrue\u00bb css=\u00bb.vc_custom_1544693074811{margin-top: 20px !important;padding-top: 30px !important;padding-bottom: 30px !important;background-color: #a98f62 !important;}\u00bb el_class=\u00bbblu\u00bb][vc_column][vc_column_text css=\u00bb.vc_custom_1589054767854{margin-bottom: 0px !important;padding-bottom: 20px !important;}\u00bb]\n<h2 style=\"text-align: center; color: white;\">Revoco reforzado de consolidaci\u00f3n con mallas en fibra de vidrio<\/h2>\n[\/vc_column_text][vc_row_inner is_fullwidth_content=\u00bbfalse\u00bb][vc_column_inner el_class=\u00bbpadding-20-mobile-right\u00bb width=\u00bb1\/2&#8243;][vc_column_text css=\u00bb.vc_custom_1585923145707{margin-bottom: 0px !important;}\u00bb]\n<ul>\n<li style=\"color: white;\">Continuar con la colocaci\u00f3n de una capa de capa de enfoscado (aproximadamente 0,5 mm de espesor) para la preparaci\u00f3n de la imprimaci\u00f3n.<\/li>\n<li style=\"color: white;\">Preparar, si se requiere, el taladrado del soporte para la inserci\u00f3n posterior de los conectores. En el caso de conectores grapas, proceder a empotrar con el mortero adecuado (MX-C Joint).<\/li>\n<li style=\"color: white;\">Aplicar con una llana o proyectar una primera capa de mortero estructural MX-CP Cal o MX-RW Elevadas Prestaciones.<\/li>\n<li style=\"color: white;\">Aplicar sobre toda la superficie una l\u00e1mina de G-Mesh (en fibra de vidrio). Superponer las l\u00e1minas de la malla a ambos lados para garantizar la continuidad.<\/li>\n<li style=\"color: white;\">Aplicar con una llana o proyectar la capa final de mortero, teniendo cuidado de incorporar adecuadamente la malla de refuerzo.<\/li>\n<li style=\"color: white;\">Desflecar los conectores elegidos G-Joint en vidrio, con mortero espec\u00edfico MX-C JOINT.<\/li>\n<li style=\"color: white;\">Realizar las capas de alisado fino con el espesor adecuado.<\/li>\n<\/ul>\n[\/vc_column_text][\/vc_column_inner][vc_column_inner width=\u00bb1\/2&#8243;][vc_single_image image=\u00bb374&#8243; img_size=\u00bbfull\u00bb alignment=\u00bbcenter\u00bb][\/vc_column_inner][\/vc_row_inner][\/vc_column][\/vc_row][vc_row fullwidth=\u00bbtrue\u00bb css=\u00bb.vc_custom_1544612382415{padding-top: 30px !important;padding-bottom: 30px !important;background-color: #f9f9f9 !important;}\u00bb el_class=\u00bbblu\u00bb][vc_column][vc_column_text css=\u00bb.vc_custom_1589054778178{margin-bottom: 0px !important;padding-bottom: 20px !important;}\u00bb]\n<h2 style=\"text-align: center;\">Revoco reforzado de consolidaci\u00f3n con paneles en malla de acero<\/h2>\n[\/vc_column_text][vc_row_inner is_fullwidth_content=\u00bbfalse\u00bb][vc_column_inner el_class=\u00bbpadding-20-mobile-right\u00bb width=\u00bb1\/2&#8243;][vc_column_text css=\u00bb.vc_custom_1585923417698{margin-bottom: 0px !important;}\u00bb]\n<ul>\n<li>Continuar con la colocaci\u00f3n de una capa de capa de enfoscado (aproximadamente 0,5 cm de espesor) para la preparaci\u00f3n de la imprimaci\u00f3n.<\/li>\n<li>Taladrar los orificios en el soporte, insertar las barras<br \/>\nC-Bar y proceder a empotrarlas con el mortero Mx-C Bar.<\/li>\n<li>Aplicar con una llana o proyectar una primera capa de mortero estructural MX-CP Cal o MX-R4 Reparacion.<\/li>\n<li>Aplicar una l\u00e1mina de malla de acero sobre toda la<br \/>\nsuperficie Stucanet SN o Armanet. Superponer las l\u00e1minas de la malla a ambos lados para garantizar la continuidad.<\/li>\n<li>Insertar los conectores elegidos o las barras de anclaje.<\/li>\n<li>Aplicar con una llana o proyectar la capa final de mortero, teniendo cuidado de incorporar adecuadamente la malla de refuerzo y los conectores.<\/li>\n<li>Realizar las capas de alisado fino con el espesor adecuado.<\/li>\n<\/ul>\n[\/vc_column_text][\/vc_column_inner][vc_column_inner width=\u00bb1\/2&#8243;][vc_single_image image=\u00bb427&#8243; img_size=\u00bbfull\u00bb alignment=\u00bbcenter\u00bb][\/vc_column_inner][\/vc_row_inner][\/vc_column][\/vc_row][vc_row css=\u00bb.vc_custom_1544612422431{padding-top: 30px !important;}\u00bb][vc_column][vc_column_text css=\u00bb.vc_custom_1589055242870{margin-bottom: 0px !important;}\u00bb]\n<h3 style=\"text-align: center; color: #a59f8a;\">Por informati\u00f3nes<\/h3>\n[\/vc_column_text]<div role=\"form\" class=\"wpcf7\" id=\"wpcf7-f3959-o1\" lang=\"es-ES\" dir=\"ltr\">\n<div class=\"screen-reader-response\"><p role=\"status\" aria-live=\"polite\" aria-atomic=\"true\"><\/p> <ul><\/ul><\/div>\n<form action=\"\/es\/wp-json\/wp\/v2\/pages\/2312#wpcf7-f3959-o1\" method=\"post\" class=\"wpcf7-form init\" novalidate=\"novalidate\" data-status=\"init\">\n<div style=\"display: none;\">\n<input type=\"hidden\" name=\"_wpcf7\" value=\"3959\" \/>\n<input type=\"hidden\" name=\"_wpcf7_version\" value=\"5.4.1\" \/>\n<input type=\"hidden\" name=\"_wpcf7_locale\" value=\"es_ES\" \/>\n<input type=\"hidden\" name=\"_wpcf7_unit_tag\" value=\"wpcf7-f3959-o1\" \/>\n<input type=\"hidden\" name=\"_wpcf7_container_post\" value=\"0\" \/>\n<input type=\"hidden\" name=\"_wpcf7_posted_data_hash\" value=\"\" \/>\n<\/div>\n<p><span class=\"wpcf7-form-control-wrap dynamichidden-649\"><input type=\"hidden\" name=\"dynamichidden-649\" value=\"Revocos reforzados\" size=\"40\" class=\"wpcf7-form-control wpcf7dtx-dynamictext wpcf7-dynamichidden\" aria-invalid=\"false\" \/><\/span><br \/>\n<span class=\"wpcf7-form-control-wrap dynamichidden-835\"><input type=\"hidden\" name=\"dynamichidden-835\" value=\"https:\/\/ruregoldcom.metest.it:443\/es\/wp-json\/wp\/v2\/pages\/2312\" size=\"40\" class=\"wpcf7-form-control wpcf7dtx-dynamictext wpcf7-dynamichidden\" aria-invalid=\"false\" \/><\/span><\/p>\n<div class=\"vc_row\">\n<div class=\"vc_col-sm-6 wpb_column column_container\">\nTu Nombre (*)<br \/><span class=\"wpcf7-form-control-wrap your-name\"><input type=\"text\" name=\"your-name\" value=\"\" size=\"40\" class=\"wpcf7-form-control wpcf7-text wpcf7-validates-as-required\" aria-required=\"true\" aria-invalid=\"false\" \/><\/span><br \/>\nTu Correo (*)<br \/><span class=\"wpcf7-form-control-wrap your-email\"><input type=\"email\" name=\"your-email\" value=\"\" size=\"40\" class=\"wpcf7-form-control wpcf7-text wpcf7-email wpcf7-validates-as-required wpcf7-validates-as-email\" aria-required=\"true\" aria-invalid=\"false\" \/><\/span><br \/>\nEmpresa<br \/><span class=\"wpcf7-form-control-wrap text-800\"><input type=\"text\" name=\"text-800\" value=\"\" size=\"40\" class=\"wpcf7-form-control wpcf7-text\" aria-invalid=\"false\" \/><\/span>\n<\/div>\n<div class=\"vc_col-sm-6 wpb_column column_container\">\nLocalit\u00e0 (*)<br \/><span class=\"wpcf7-form-control-wrap your-city\"><input type=\"text\" name=\"your-city\" value=\"\" size=\"40\" class=\"wpcf7-form-control wpcf7-text wpcf7-validates-as-required\" aria-required=\"true\" aria-invalid=\"false\" \/><\/span><br \/>\nProvincia (*)<br \/><span class=\"wpcf7-form-control-wrap country\"><input type=\"text\" name=\"country\" value=\"\" size=\"40\" class=\"wpcf7-form-control wpcf7-text wpcf7-validates-as-required\" aria-required=\"true\" aria-invalid=\"false\" \/><\/span>\n<div style=\"padding:1px 0\"><\/div>\n<p>Asunto (*)<br \/><span class=\"wpcf7-form-control-wrap your-job\"><select name=\"your-job\" class=\"wpcf7-form-control wpcf7-select wpcf7-validates-as-required\" aria-required=\"true\" aria-invalid=\"false\"><option value=\"Arquitecto\">Arquitecto<\/option><option value=\"Arquitecto T\u00e9cnico \/ Aparejador\">Arquitecto T\u00e9cnico \/ Aparejador<\/option><option value=\"Ingeniero\">Ingeniero<\/option><option value=\"Constructor\">Constructor<\/option><option value=\"Aplicador\">Aplicador<\/option><option value=\"Promotor\">Promotor<\/option><option value=\"Planta de hormig\u00f3n \/ prefabricados\">Planta de hormig\u00f3n \/ prefabricados<\/option><option value=\"Fabricante materiales\">Fabricante materiales<\/option><option value=\"Distribuidor materiales de construcci\u00f3n\">Distribuidor materiales de construcci\u00f3n<\/option><option value=\"Administraci\u00f3n P\u00fablica\">Administraci\u00f3n P\u00fablica<\/option><option value=\"Particular\">Particular<\/option><option value=\"Otro\">Otro<\/option><\/select><\/span><\/br>\n<\/div>\n<\/div>\n<div class=\"vc_row\">\n<div class=\"vc_col-sm-12 wpb_column column_container\">\nTu Mensaje<br \/>    <span class=\"wpcf7-form-control-wrap your-message\"><textarea name=\"your-message\" cols=\"40\" rows=\"3\" class=\"wpcf7-form-control wpcf7-textarea\" aria-invalid=\"false\"><\/textarea><\/span> <\/p>\n<p>(*) Campos obligatorios<\/p>\n<div class=\"policies-container\">\n<p><strong>Declaraci\u00f3n informaci\u00f3n con arreglo al art. 13 del Decreto Legislativo italiano n.\u00ba 196\/2003, as\u00ed como a los arts. 13 y 14 del Reglamento (UE) 2016\/679<\/strong><\/p>\n<div class=\"areaInformativa\">\nLos datos personales son recogidos y tratados con arreglo al art. 13 del Decreto Legislativo italiano n.\u00ba 196, de 30 de junio de 2003, as\u00ed como con arreglo a los arts. 13 y 14 del Reglamento (UE) 2016\/679, con el fin de garantizar que dicho tratamiento se realice respetando plenamente los derechos, las libertades fundamentales y la dignidad de las personas.<br\/><br \/>\n<strong>1) FINALIDAD DE USO DE LOS DATOS<\/strong><br \/>\nLa informaci\u00f3n recogida acerca de usted corresponde a datos que permiten identificarle (nombre, apellidos, direcci\u00f3n de correo electr\u00f3nico, texto del mensaje, etc.) para poder tramitar sus peticiones, independientemente de la naturaleza y forma de estas.<br\/><br \/>\n<strong>2) MODALIDAD DEL TRATAMIENTO<\/strong><br \/>\nEl tratamiento de los datos se efectuar\u00e1 por medios inform\u00e1ticos y\/o manuales, de manera l\u00edcita y correcta, para garantizar la confidencialidad y la seguridad mediante las medidas de seguridad l\u00f3gicas, organizativas y f\u00edsicas oportunas. <br\/><br \/>\n<strong>3) NATURALEZA DE LA COMUNICACI\u00d3N DE LOS DATOS<\/strong><br \/>\nLa comunicaci\u00f3n de los datos es obligatoria para las finalidades expresadas en el punto 1, a fin de permitir la prestaci\u00f3n de los servicios solicitados. Sin su autorizaci\u00f3n no ser\u00e1 posible prestar los servicios que nos haya solicitado. La posible oposici\u00f3n, parcial o total, a facilitar los datos obligatorios supondr\u00e1 la imposibilidad objetiva de establecer o dar ulterior curso a cualquier relaci\u00f3n con usted.<br\/><br \/>\n<strong>4) COMUNICACI\u00d3N DE LOS DATOS<\/strong><br \/>\nCon el fin de tramitar su solicitud, es posible que se env\u00eden sus datos personales a terceros proveedores de servicios necesarios para dicha tramitaci\u00f3n (asesores t\u00e9cnicos y comerciales).<br\/><br \/>\n<strong>5) DIVULGACI\u00d3N DE LOS DATOS<\/strong><br \/>\nLos datos personales relativos al tratamiento en cuesti\u00f3n no ser\u00e1n comunicados de ninguna manera a terceros.<br\/><br \/>\n<strong>6) TRANSFERENCIA AL EXTRANJERO<\/strong><br \/>\nLos datos personales tratados no ser\u00e1n transferidos al extranjero a ning\u00fan sujeto aparte de las sociedades del grupo empresarial ubicadas en otros pa\u00edses europeos, as\u00ed como a los distribuidores, agentes o promotores de Laterlite ubicados en otros pa\u00edses del mundo, o bien para la prestaci\u00f3n del servicio que nos haya solicitado, o bien para efectuar valoraciones t\u00e9cnicas y econ\u00f3micas que deseemos facilitarle. <br\/><br \/>\n<strong>7) DERECHOS DEL INTERESADO<\/strong><br \/>\nUsted tiene derecho, en cualquier momento y de forma gratuita, a solicitar informaci\u00f3n sobre sus datos, as\u00ed como sobre las modalidades y finalidades del tratamiento que se les est\u00e1 aplicando, solicitar que sean cancelados o modificados u oponerse a su ulterior utilizaci\u00f3n; tambi\u00e9n tiene derecho a obtener informaci\u00f3n sobre las iniciativas en las que usted haya aceptado participar, as\u00ed como a presentar una reclamaci\u00f3n ante una autoridad de control.<br\/><br \/>\n<strong>8) RESPONSABLE DEL TRATAMIENTO<\/strong><br \/>\nEl responsable del tratamiento de los datos es LATERLITE S.p.A., con domicilio social en Via Vittorio Veneto 30, 43046 Rubbiano di Solignano (PR),Italia, laterlite@laterlite.it.<br\/><br \/>\n<strong>9) DELEGADO DE PROTECCI\u00d3N DE DATOS:<\/strong><br \/>\nNo se ha designado la figura de un delegado de protecci\u00f3n de datos (data protection officer, DPO), puesto que la autora de la presente pol\u00edtica no est\u00e1 obligada a designar uno, con arreglo al art. 37 del Reglamento (UE) 2016\/679 (Reglamento General de Protecci\u00f3n de Datos).<br\/><br \/>\n<strong>10) PERIODO DE CONSERVACI\u00d3N DE LOS DATOS:<\/strong><br \/>\nLos datos personales ser\u00e1n tratados mediante herramientas automatizadas durante el tiempo estrictamente necesario para los fines para los cuales se recogieron.\n<\/div>\n<\/div>\n<p>Solicitud de autorizaci\u00f3n<br \/>\nCon arreglo al art. 23 del Decreto Legislativo italiano n.\u00ba 196\/2003, as\u00ed como al art. 7 del Reglamento (UE) 2016\/679, declara haber le\u00eddo la declaraci\u00f3n informativa anterior y autoriza el tratamiento de sus datos:<\/p>\n<p><span class=\"wpcf7-form-control-wrap autorizo\"><span class=\"wpcf7-form-control wpcf7-acceptance\"><span class=\"wpcf7-list-item\"><input type=\"checkbox\" name=\"autorizo\" value=\"1\" aria-invalid=\"false\" \/><\/span><\/span><\/span> <label>Autorizo<\/label><\/p>\n<p class=\"disabled_input\"><span style=\"display:block\" class=\"alert_input\">El env\u00edo de la solicitud requiere la aceptaci\u00f3n de la pol\u00edtica de privacidad.<\/span><input type=\"submit\" value=\"ENVIAR\" class=\"wpcf7-form-control wpcf7-submit\" \/><\/p>\n<\/div>\n<\/div>\n<div class=\"wpcf7-response-output\" aria-hidden=\"true\"><\/div><\/form><\/div>[vc_column_text css=\u00bb.vc_custom_1585923431927{margin-bottom: 0px !important;}\u00bb]\n<h3 style=\"text-align: center; color: #a59f8a;\">M\u00e1s informati\u00f3nes sobre los productos<\/h3>\n[\/vc_column_text][vc_row_inner][vc_column_inner width=\u00bb1\/3&#8243;][mk_category feed=\u00bbportfolio\u00bb specific_categories_other=\u00bbrevocos-reforzados-es\u00bb image_size=\u00bbmedium\u00bb columns=\u00bb1&#8243; row_height=\u00bb320&#8243; gutter=\u00bb25&#8243; text_color=\u00bb#ffffff\u00bb title_hover=\u00bbeditorial\u00bb image_hover=\u00bbzoom\u00bb item_id=\u00bb1589532146-5ebe55f2573be\u00bb][\/vc_column_inner][vc_column_inner width=\u00bb1\/3&#8243;][\/vc_column_inner][vc_column_inner width=\u00bb1\/3&#8243;][\/vc_column_inner][\/vc_row_inner][\/vc_column][\/vc_row]\n","protected":false},"excerpt":{"rendered":"<p>[vc_row fullwidth=\u00bbtrue\u00bb fullwidth_content=\u00bbfalse\u00bb css=\u00bb.vc_custom_1544702008775{padding-top: 30px !important;padding-bottom: 30px !important;background-color: #a98f62 !important;}\u00bb][vc_column][vc_column_text css=\u00bb.vc_custom_1585922422363{margin-bottom: 0px !important;}\u00bb] Revocos reforzados con malla Revocos reforzados compuestos por mallas de acero o vidrio y morteros espec\u00edficos para restaurar y consolidar estructuras de hormig\u00f3n y mamposter\u00eda. [\/vc_column_text][\/vc_column][\/vc_row][vc_row fullwidth=\u00bbtrue\u00bb fullwidth_content=\u00bbfalse\u00bb css=\u00bb.vc_custom_1550050258143{padding-top: 50px !important;}\u00bb][vc_column css=\u00bb.vc_custom_1544708534708{padding-bottom: 20px !important;}\u00bb][vc_column_text css=\u00bb.vc_custom_1589054752903{margin-bottom: 0px !important;}\u00bb] Elaboraci\u00f3n de un revoco reforzado [&hellip;]<\/p>\n","protected":false},"author":3,"featured_media":0,"parent":0,"menu_order":0,"comment_status":"closed","ping_status":"closed","template":"","meta":[],"yoast_head":"<!-- This site is optimized with the Yoast SEO plugin v17.5 - https:\/\/yoast.com\/wordpress\/plugins\/seo\/ -->\n<title>CRM: Revocos reforzados con fibras para refuerzos | Ruregold<\/title>\n<meta name=\"robots\" content=\"index, follow, max-snippet:-1, max-image-preview:large, max-video-preview:-1\" \/>\n<link rel=\"canonical\" href=\"https:\/\/ruregoldcom.metest.it\/es\/revocos-reforzados\/\" \/>\n<meta property=\"og:locale\" content=\"es_ES\" \/>\n<meta property=\"og:type\" content=\"article\" \/>\n<meta property=\"og:title\" content=\"CRM: Revocos reforzados con fibras para refuerzos | Ruregold\" \/>\n<meta property=\"og:description\" content=\"[vc_row fullwidth=\u00bbtrue\u00bb fullwidth_content=\u00bbfalse\u00bb css=\u00bb.vc_custom_1544702008775{padding-top: 30px !important;padding-bottom: 30px !important;background-color: #a98f62 !important;}\u00bb][vc_column][vc_column_text css=\u00bb.vc_custom_1585922422363{margin-bottom: 0px !important;}\u00bb] Revocos reforzados con malla Revocos reforzados compuestos por mallas de acero o vidrio y morteros espec\u00edficos para restaurar y consolidar estructuras de hormig\u00f3n y mamposter\u00eda. [\/vc_column_text][\/vc_column][\/vc_row][vc_row fullwidth=\u00bbtrue\u00bb fullwidth_content=\u00bbfalse\u00bb css=\u00bb.vc_custom_1550050258143{padding-top: 50px !important;}\u00bb][vc_column css=\u00bb.vc_custom_1544708534708{padding-bottom: 20px !important;}\u00bb][vc_column_text css=\u00bb.vc_custom_1589054752903{margin-bottom: 0px !important;}\u00bb] Elaboraci\u00f3n de un revoco reforzado [&hellip;]\" \/>\n<meta property=\"og:url\" content=\"https:\/\/ruregoldcom.metest.it\/es\/revocos-reforzados\/\" \/>\n<meta property=\"og:site_name\" content=\"Ruregold - Tecnologia e Sicurezza in edilizia\" \/>\n<meta property=\"article:modified_time\" content=\"2020-12-09T22:31:00+00:00\" \/>\n<meta name=\"twitter:card\" content=\"summary_large_image\" \/>\n<meta name=\"twitter:label1\" content=\"Tiempo de lectura\" \/>\n\t<meta name=\"twitter:data1\" content=\"5 minutos\" \/>\n<script type=\"application\/ld+json\" class=\"yoast-schema-graph\">{\"@context\":\"https:\/\/schema.org\",\"@graph\":[{\"@type\":\"WebSite\",\"@id\":\"https:\/\/ruregoldcom.metest.it\/es\/#website\",\"url\":\"https:\/\/ruregoldcom.metest.it\/es\/\",\"name\":\"Ruregold - Tecnologia e Sicurezza in edilizia\",\"description\":\"sistemi per il rinforzo delle strutture in calcestruzzo e muratura con materiali compositi d\\u2019eccellenza, in particolare la gamma FRCM che, per prima al mondo, ha ottenuto la certificazione di validazione a livello internazionale, in particolare la gamma FRCM che, per prima al mondo, ha ottenuto la certificazione di validazione a livello internazionale.\",\"potentialAction\":[{\"@type\":\"SearchAction\",\"target\":{\"@type\":\"EntryPoint\",\"urlTemplate\":\"https:\/\/ruregoldcom.metest.it\/es\/?s={search_term_string}\"},\"query-input\":\"required name=search_term_string\"}],\"inLanguage\":\"es\"},{\"@type\":\"WebPage\",\"@id\":\"https:\/\/ruregoldcom.metest.it\/es\/revocos-reforzados\/#webpage\",\"url\":\"https:\/\/ruregoldcom.metest.it\/es\/revocos-reforzados\/\",\"name\":\"CRM: Revocos reforzados con fibras para refuerzos | Ruregold\",\"isPartOf\":{\"@id\":\"https:\/\/ruregoldcom.metest.it\/es\/#website\"},\"datePublished\":\"2018-12-11T15:24:44+00:00\",\"dateModified\":\"2020-12-09T22:31:00+00:00\",\"breadcrumb\":{\"@id\":\"https:\/\/ruregoldcom.metest.it\/es\/revocos-reforzados\/#breadcrumb\"},\"inLanguage\":\"es\",\"potentialAction\":[{\"@type\":\"ReadAction\",\"target\":[\"https:\/\/ruregoldcom.metest.it\/es\/revocos-reforzados\/\"]}]},{\"@type\":\"BreadcrumbList\",\"@id\":\"https:\/\/ruregoldcom.metest.it\/es\/revocos-reforzados\/#breadcrumb\",\"itemListElement\":[{\"@type\":\"ListItem\",\"position\":1,\"name\":\"Home\",\"item\":\"https:\/\/ruregoldcom.metest.it\/es\/\"},{\"@type\":\"ListItem\",\"position\":2,\"name\":\"Revocos reforzados\"}]}]}<\/script>\n<!-- \/ Yoast SEO plugin. -->","yoast_head_json":{"title":"CRM: Revocos reforzados con fibras para refuerzos | Ruregold","robots":{"index":"index","follow":"follow","max-snippet":"max-snippet:-1","max-image-preview":"max-image-preview:large","max-video-preview":"max-video-preview:-1"},"canonical":"https:\/\/ruregoldcom.metest.it\/es\/revocos-reforzados\/","og_locale":"es_ES","og_type":"article","og_title":"CRM: Revocos reforzados con fibras para refuerzos | Ruregold","og_description":"[vc_row fullwidth=\u00bbtrue\u00bb fullwidth_content=\u00bbfalse\u00bb css=\u00bb.vc_custom_1544702008775{padding-top: 30px !important;padding-bottom: 30px !important;background-color: #a98f62 !important;}\u00bb][vc_column][vc_column_text css=\u00bb.vc_custom_1585922422363{margin-bottom: 0px !important;}\u00bb] Revocos reforzados con malla Revocos reforzados compuestos por mallas de acero o vidrio y morteros espec\u00edficos para restaurar y consolidar estructuras de hormig\u00f3n y mamposter\u00eda. [\/vc_column_text][\/vc_column][\/vc_row][vc_row fullwidth=\u00bbtrue\u00bb fullwidth_content=\u00bbfalse\u00bb css=\u00bb.vc_custom_1550050258143{padding-top: 50px !important;}\u00bb][vc_column css=\u00bb.vc_custom_1544708534708{padding-bottom: 20px !important;}\u00bb][vc_column_text css=\u00bb.vc_custom_1589054752903{margin-bottom: 0px !important;}\u00bb] Elaboraci\u00f3n de un revoco reforzado [&hellip;]","og_url":"https:\/\/ruregoldcom.metest.it\/es\/revocos-reforzados\/","og_site_name":"Ruregold - Tecnologia e Sicurezza in edilizia","article_modified_time":"2020-12-09T22:31:00+00:00","twitter_card":"summary_large_image","twitter_misc":{"Tiempo de lectura":"5 minutos"},"schema":{"@context":"https:\/\/schema.org","@graph":[{"@type":"WebSite","@id":"https:\/\/ruregoldcom.metest.it\/es\/#website","url":"https:\/\/ruregoldcom.metest.it\/es\/","name":"Ruregold - Tecnologia e Sicurezza in edilizia","description":"sistemi per il rinforzo delle strutture in calcestruzzo e muratura con materiali compositi d\u2019eccellenza, in particolare la gamma FRCM che, per prima al mondo, ha ottenuto la certificazione di validazione a livello internazionale, in particolare la gamma FRCM che, per prima al mondo, ha ottenuto la certificazione di validazione a livello internazionale.","potentialAction":[{"@type":"SearchAction","target":{"@type":"EntryPoint","urlTemplate":"https:\/\/ruregoldcom.metest.it\/es\/?s={search_term_string}"},"query-input":"required name=search_term_string"}],"inLanguage":"es"},{"@type":"WebPage","@id":"https:\/\/ruregoldcom.metest.it\/es\/revocos-reforzados\/#webpage","url":"https:\/\/ruregoldcom.metest.it\/es\/revocos-reforzados\/","name":"CRM: Revocos reforzados con fibras para refuerzos | Ruregold","isPartOf":{"@id":"https:\/\/ruregoldcom.metest.it\/es\/#website"},"datePublished":"2018-12-11T15:24:44+00:00","dateModified":"2020-12-09T22:31:00+00:00","breadcrumb":{"@id":"https:\/\/ruregoldcom.metest.it\/es\/revocos-reforzados\/#breadcrumb"},"inLanguage":"es","potentialAction":[{"@type":"ReadAction","target":["https:\/\/ruregoldcom.metest.it\/es\/revocos-reforzados\/"]}]},{"@type":"BreadcrumbList","@id":"https:\/\/ruregoldcom.metest.it\/es\/revocos-reforzados\/#breadcrumb","itemListElement":[{"@type":"ListItem","position":1,"name":"Home","item":"https:\/\/ruregoldcom.metest.it\/es\/"},{"@type":"ListItem","position":2,"name":"Revocos reforzados"}]}]}},"_links":{"self":[{"href":"https:\/\/ruregoldcom.metest.it\/es\/wp-json\/wp\/v2\/pages\/2312"}],"collection":[{"href":"https:\/\/ruregoldcom.metest.it\/es\/wp-json\/wp\/v2\/pages"}],"about":[{"href":"https:\/\/ruregoldcom.metest.it\/es\/wp-json\/wp\/v2\/types\/page"}],"author":[{"embeddable":true,"href":"https:\/\/ruregoldcom.metest.it\/es\/wp-json\/wp\/v2\/users\/3"}],"replies":[{"embeddable":true,"href":"https:\/\/ruregoldcom.metest.it\/es\/wp-json\/wp\/v2\/comments?post=2312"}],"version-history":[{"count":13,"href":"https:\/\/ruregoldcom.metest.it\/es\/wp-json\/wp\/v2\/pages\/2312\/revisions"}],"predecessor-version":[{"id":8428,"href":"https:\/\/ruregoldcom.metest.it\/es\/wp-json\/wp\/v2\/pages\/2312\/revisions\/8428"}],"wp:attachment":[{"href":"https:\/\/ruregoldcom.metest.it\/es\/wp-json\/wp\/v2\/media?parent=2312"}],"curies":[{"name":"wp","href":"https:\/\/api.w.org\/{rel}","templated":true}]}}